{"id":1424,"date":"2025-09-13T14:16:30","date_gmt":"2025-09-13T14:16:30","guid":{"rendered":"http:\/\/cestchicagency.com\/Belindacordier\/?page_id=1424"},"modified":"2025-09-16T08:16:50","modified_gmt":"2025-09-16T08:16:50","slug":"fashion-consultation","status":"publish","type":"page","link":"http:\/\/cestchicagency.com\/Belindacordier\/therapie\/services\/fashion-consultation\/","title":{"rendered":"FASHION CONSULTATION"},"content":{"rendered":"<p>Coming Soon<\/p>\r\n<p><img loading=\"lazy\" decoding=\"async\" class=\"alignnone wp-image-1379 size-medium\" src=\"http:\/\/cestchicagency.com\/Belindacordier\/wp-content\/uploads\/2025\/09\/20241020_112333-375x500.jpg\" alt=\"\" width=\"375\" height=\"500\" srcset=\"http:\/\/cestchicagency.com\/Belindacordier\/wp-content\/uploads\/2025\/09\/20241020_112333-375x500.jpg 375w, http:\/\/cestchicagency.com\/Belindacordier\/wp-content\/uploads\/2025\/09\/20241020_112333-768x1024.jpg 768w, http:\/\/cestchicagency.com\/Belindacordier\/wp-content\/uploads\/2025\/09\/20241020_112333-1152x1536.jpg 1152w, http:\/\/cestchicagency.com\/Belindacordier\/wp-content\/uploads\/2025\/09\/20241020_112333-1536x2048.jpg 1536w, http:\/\/cestchicagency.com\/Belindacordier\/wp-content\/uploads\/2025\/09\/20241020_112333-45x60.jpg 45w, http:\/\/cestchicagency.com\/Belindacordier\/wp-content\/uploads\/2025\/09\/20241020_112333-scaled.jpg 1920w\" sizes=\"auto, (max-width: 375px) 100vw, 375px\" \/><\/p>\r\n<p><!-- \/wp:post-content --><\/p>\r\n<p>&nbsp;<\/p>\r\n<p><!-- wp:table --><\/p>\r\n<figure class=\"wp-block-table\">\r\n<table class=\"has-fixed-layout\">\r\n<tbody>\r\n<tr>\r\n<td>Service<\/td>\r\n<td>Description<\/td>\r\n<td>Prix<\/td>\r\n<\/tr>\r\n<tr>\r\n<td>Fashion consultation<\/td>\r\n<td>Rendez vous d\u20191 heure<\/td>\r\n<td>90 \u20ac<\/td>\r\n<\/tr>\r\n<tr>\r\n<td>\u00a0<\/td>\r\n<td>\r\n<p>Disponible aussi en visio conference<\/p>\r\n<p>ou Whatsapp , Signal.<\/p>\r\n<\/td>\r\n<td>90 \u20ac<\/td>\r\n<\/tr>\r\n<\/tbody>\r\n<\/table>\r\n<\/figure>\r\n<ul>\r\n<li>\r\n<p><strong> Une heure pour r\u00e9pondre \u00e0 vos questions et vous conseiller.<\/strong><\/p>\r\n<p><strong>Je travaille en tenant compte de fa\u00e7on globale de votre personnalit\u00e9, votre morphologie ,vos envies. Par exemple\u2026<\/strong><\/p>\r\n<ul>\r\n<li>Mettre en avant vos atouts, conna\u00eetre vos points faibles et rebooster votre look .<\/li>\r\n<li>Apprendre \u00e0 vous regarder avec bienveillance.<\/li>\r\n<li>Mieux vivre dans votre corps et avec votre \u00e2ge.<\/li>\r\n<li>Arr\u00eater les achats compulsif, red\u00e9couvrir le shopping sous un autre oeil<\/li>\r\n<li>Trouver de nouvelles inspirations.<\/li>\r\n<li>Vous habiller avec plaisir et plus vite le matin.<\/li>\r\n<li>Adoptez une garde-robe responsable : je vous guide vers des choix plus conscients, beaux et respectueux.<br \/><strong>*Payement requis avant la s\u00e9ance<\/strong><\/li>\r\n<li>NB : Pour chaque service, je privil\u00e9gie un entretien sous forme de questionnaires pr\u00e9liminaire. Cela me permet de vous offrir un accompagnement vraiment sur-mesure.<\/li>\r\n<\/ul>\r\n<br \/><br \/><br \/><hr \/><\/li>\r\n<\/ul>\r\n<p><!-- wp:table --><\/p>\r\n<figure class=\"wp-block-table\">\r\n<table class=\"has-fixed-layout\">\r\n<tbody>\r\n<tr>\r\n<td>Service<\/td>\r\n<td>Description<\/td>\r\n<td>Price<\/td>\r\n<\/tr>\r\n<tr>\r\n<td>Fashion consultation<\/td>\r\n<td>1 hour session<\/td>\r\n<td>90 \u20ac<\/td>\r\n<\/tr>\r\n<tr>\r\n<td>\u00a0<\/td>\r\n<td>\r\n<p>Available in person, via video call,<\/p>\r\n<p>or Whatsapp , Signal.<\/p>\r\n<\/td>\r\n<td>90 \u20ac<\/td>\r\n<\/tr>\r\n<\/tbody>\r\n<\/table>\r\n<p><strong> *Payment required prior to the session.<\/strong><\/p>\r\n<p><strong>One hour dedicated to answering your questions and giving you tailored advice. I work holistically, taking into account your personality, body shape, and desires. For example: <\/strong><\/p>\r\n<ul>\r\n<li style=\"list-style-type: none;\">\r\n<ul>\r\n<li>Highlighting your best features and understanding your weaker points to refresh your look.<\/li>\r\n<li>Learning to see yourself with kindness and confidence.<\/li>\r\n<li>Feeling more at ease in your body and embracing your age.<\/li>\r\n<li>Breaking free from impulsive shopping and rediscovering shopping from a new perspective.<\/li>\r\n<li>Finding fresh inspiration.<\/li>\r\n<li>Enjoying the process of getting dressed and saving time in the morning.<\/li>\r\n<li>Building a responsible wardrobe: I guide you towards conscious, beautiful, and respectful choices.<hr \/><\/li>\r\n<\/ul>\r\n<\/li>\r\n<\/ul>\r\n<pre><a href=\"http:\/\/cestchicagency.com\/Belindacordier\/therapie\/services\/fashion-consultation\/\">FASHION CONSULTATION<\/a>\u00a0 \/\u00a0 <a href=\"http:\/\/cestchicagency.com\/Belindacordier\/wardobe-detox\/\/\">WARDOBE DETOX<\/a> \/ <a href=\"http:\/\/cestchicagency.com\/Belindacordier\/personal-shopping\/\">PERSONAL SHOPPING <\/a>\/ <a href=\"http:\/\/cestchicagency.com\/Belindacordier\/therapie\/services\/fashion-tour\/\">FASHION TOURS<\/a> \/<a href=\"http:\/\/cestchicagency.com\/Belindacordier\/special-occasions\/\">SPECIAL OCCASIONS<\/a> \/ <a href=\"http:\/\/cestchicagency.com\/Belindacordier\/service-pro\/\">SERVICE PRO<\/a><\/pre>\r\n<hr \/><\/figure><!-- \/wp:table -->","protected":false},"excerpt":{"rendered":"<p>Coming Soon &nbsp; Service Description Prix Fashion consultation Rendez vous d\u20191 heure 90 \u20ac \u00a0 Disponible aussi en visio conference ou Whatsapp , Signal. 90 \u20ac Une heure pour r\u00e9pondre \u00e0 vos questions et vous conseiller. Je travaille en tenant compte de fa\u00e7on globale de votre personnalit\u00e9, votre morphologie ,vos &hellip; <\/p>\n","protected":false},"author":2,"featured_media":0,"parent":1186,"menu_order":0,"comment_status":"closed","ping_status":"closed","template":"","meta":{"footnotes":""},"class_list":["post-1424","page","type-page","status-publish","hentry"],"_links":{"self":[{"href":"http:\/\/cestchicagency.com\/Belindacordier\/wp-json\/wp\/v2\/pages\/1424","targetHints":{"allow":["GET"]}}],"collection":[{"href":"http:\/\/cestchicagency.com\/Belindacordier\/wp-json\/wp\/v2\/pages"}],"about":[{"href":"http:\/\/cestchicagency.com\/Belindacordier\/wp-json\/wp\/v2\/types\/page"}],"author":[{"embeddable":true,"href":"http:\/\/cestchicagency.com\/Belindacordier\/wp-json\/wp\/v2\/users\/2"}],"replies":[{"embeddable":true,"href":"http:\/\/cestchicagency.com\/Belindacordier\/wp-json\/wp\/v2\/comments?post=1424"}],"version-history":[{"count":54,"href":"http:\/\/cestchicagency.com\/Belindacordier\/wp-json\/wp\/v2\/pages\/1424\/revisions"}],"predecessor-version":[{"id":1644,"href":"http:\/\/cestchicagency.com\/Belindacordier\/wp-json\/wp\/v2\/pages\/1424\/revisions\/1644"}],"up":[{"embeddable":true,"href":"http:\/\/cestchicagency.com\/Belindacordier\/wp-json\/wp\/v2\/pages\/1186"}],"wp:attachment":[{"href":"http:\/\/cestchicagency.com\/Belindacordier\/wp-json\/wp\/v2\/media?parent=1424"}],"curies":[{"name":"wp","href":"https:\/\/api.w.org\/{rel}","templated":true}]}}