{"id":1186,"date":"2025-05-23T12:37:02","date_gmt":"2025-05-23T12:37:02","guid":{"rendered":"http:\/\/cestchicagency.com\/Belindacordier\/?page_id=1186"},"modified":"2025-09-16T08:28:46","modified_gmt":"2025-09-16T08:28:46","slug":"services","status":"publish","type":"page","link":"http:\/\/cestchicagency.com\/Belindacordier\/therapie\/services\/","title":{"rendered":"SERVICES"},"content":{"rendered":"\r\n<p><img loading=\"lazy\" decoding=\"async\" class=\"wp-image-1516 aligncenter\" src=\"http:\/\/cestchicagency.com\/Belindacordier\/wp-content\/uploads\/2025\/09\/cintres-e1757932547167.jpg\" alt=\"\" width=\"327\" height=\"218\" \/>COMING SOON<\/p>\r\n<pre><a href=\"http:\/\/cestchicagency.com\/Belindacordier\/therapie\/services\/fashion-consultation\/\">FASHION CONSULTATION<\/a>\u00a0 \/\u00a0 <a href=\"http:\/\/cestchicagency.com\/Belindacordier\/wardobe-detox\/\/\">WARDOBE DETOX<\/a> \/ <a href=\"http:\/\/cestchicagency.com\/Belindacordier\/personal-shopping\/\">PERSONAL SHOPPING <\/a>\/ <a href=\"http:\/\/cestchicagency.com\/Belindacordier\/therapie\/services\/fashion-tour\/\">FASHION TOURS<\/a> \/<a href=\"http:\/\/cestchicagency.com\/Belindacordier\/special-occasions\">SPECIAL OCCASIONS<\/a> \/ <a href=\"http:\/\/cestchicagency.com\/Belindacordier\/service-pro\/\">SERVICE PRO<\/a><\/pre>\r\n<hr \/>\r\n\r\n\r\n<figure class=\"wp-block-table alignleftis-style-regular\"><hr \/>\r\n<table class=\"has-fixed-layout\">\r\n<tbody>\r\n<tr>\r\n<td class=\"has-text-align-left\" style=\"text-align: center;\" data-align=\"left\"><strong>\u00ab Devenez vous m\u00eame \u00bb<\/strong>&#8230;<br \/><br \/>Depuis plus de 10 ans, mon exp\u00e9rience aupr\u00e8s des personnes que je guide m\u2019a appris \u00e0 travailler de fa\u00e7on globale et intuitive.<br \/><br \/>La morphologie et les couleurs sont \u00e9videment prises en compte, mais la v\u00e9ritable priorit\u00e9 c\u2019est vous, vos besoins, et parfois la r\u00e9conciliation avec votre image. Apprendre \u00e0 vous mettre en valeur sous mon regard bienveillant.<br \/><br \/>Ici pas de jugement mais la volont\u00e9 sinc\u00e8re de vous faire rayonner quelque soit votre \u00e2ge, votre silhouette.<\/td>\r\n<\/tr>\r\n<tr>\r\n<td class=\"has-text-align-left\" style=\"text-align: center;\" data-align=\"left\"><br \/>NB : Pour chaque service, je privil\u00e9gie un entretien sous forme de questionnaires pr\u00e9liminaire. Cela me permet de vous offrir un accompagnement vraiment sur-mesure.<br \/><br \/>&#8211; <strong>Tous les services sont disponible en \u00ab\u00a0bons cadeaux\u00a0\u00bb.<\/strong><br \/>D\u00e9couvrez mes services et faites le premier pas vers une image qui vous ressemble!<\/td>\r\n<\/tr>\r\n<\/tbody>\r\n<\/table>\r\n<\/figure>\r\n\r\n<p>&nbsp;<\/p>\r\n<table border=\"0\" width=\"400\" cellspacing=\"4\" cellpadding=\"4\">\r\n<tbody>\r\n<tr>\r\n<td align=\"left\" valign=\"right\" width=\"200\">\r\n<p><a href=\"http:\/\/cestchicagency.com\/Belindacordier\/therapie\/services\/fashion-consultation\/\"><img loading=\"lazy\" decoding=\"async\" class=\"wp-image-1529 alignright\" src=\"http:\/\/cestchicagency.com\/Belindacordier\/wp-content\/uploads\/2025\/09\/blog-bisFC.jpg\" alt=\"\" width=\"250\" height=\"144\" srcset=\"http:\/\/cestchicagency.com\/Belindacordier\/wp-content\/uploads\/2025\/09\/blog-bisFC.jpg 400w, http:\/\/cestchicagency.com\/Belindacordier\/wp-content\/uploads\/2025\/09\/blog-bisFC-104x60.jpg 104w\" sizes=\"auto, (max-width: 250px) 100vw, 250px\" \/><\/a><\/p>\r\n<\/td>\r\n<td align=\"left\" valign=\"left\" width=\"200\">\r\n<p><a href=\"http:\/\/cestchicagency.com\/Belindacordier\/wardobe-detox\/\"><img loading=\"lazy\" decoding=\"async\" class=\"alignleft wp-image-1530 \" title=\"wardobe detox\" src=\"http:\/\/cestchicagency.com\/Belindacordier\/wp-content\/uploads\/2025\/09\/blog-bisWD.jpg\" alt=\"\" width=\"250\" height=\"144\" srcset=\"http:\/\/cestchicagency.com\/Belindacordier\/wp-content\/uploads\/2025\/09\/blog-bisWD.jpg 400w, http:\/\/cestchicagency.com\/Belindacordier\/wp-content\/uploads\/2025\/09\/blog-bisWD-104x60.jpg 104w\" sizes=\"auto, (max-width: 250px) 100vw, 250px\" \/><\/a><\/p>\r\n<\/td>\r\n<\/tr>\r\n<tr>\r\n<td align=\"left\" valign=\"right\" width=\"200\">\r\n<p><a href=\"http:\/\/cestchicagency.com\/Belindacordier\/personal-shopping\/\"><img loading=\"lazy\" decoding=\"async\" class=\"size-full wp-image-1528 alignright\" src=\"http:\/\/cestchicagency.com\/Belindacordier\/wp-content\/uploads\/2025\/09\/blog-bisPS.jpg\" alt=\"\" width=\"250\" height=\"144\" srcset=\"http:\/\/cestchicagency.com\/Belindacordier\/wp-content\/uploads\/2025\/09\/blog-bisPS.jpg 400w, http:\/\/cestchicagency.com\/Belindacordier\/wp-content\/uploads\/2025\/09\/blog-bisPS-104x60.jpg 104w\" sizes=\"auto, (max-width: 250px) 100vw, 250px\" \/><\/a><\/p>\r\n<\/td>\r\n<td align=\"right\" valign=\"top\" width=\"200\">\r\n<p><a href=\"http:\/\/cestchicagency.com\/Belindacordier\/therapie\/services\/fashion-tour\/\"><img loading=\"lazy\" decoding=\"async\" class=\"size-full wp-image-1531 alignleft\" src=\"http:\/\/cestchicagency.com\/Belindacordier\/wp-content\/uploads\/2025\/09\/blog-bisFT.jpg\" alt=\"\" width=\"250\" height=\"144\" srcset=\"http:\/\/cestchicagency.com\/Belindacordier\/wp-content\/uploads\/2025\/09\/blog-bisFT.jpg 400w, http:\/\/cestchicagency.com\/Belindacordier\/wp-content\/uploads\/2025\/09\/blog-bisFT-104x60.jpg 104w\" sizes=\"auto, (max-width: 250px) 100vw, 250px\" \/><\/a><\/p>\r\n<\/td>\r\n<\/tr>\r\n<tr>\r\n<td align=\"left\" valign=\"top\" width=\"200\">\r\n<p><a href=\"http:\/\/cestchicagency.com\/Belindacordier\/special-occasions\/\"><img loading=\"lazy\" decoding=\"async\" class=\"size-full wp-image-1532 alignright\" src=\"http:\/\/cestchicagency.com\/Belindacordier\/wp-content\/uploads\/2025\/09\/blog-bisSO.jpg\" alt=\"\" width=\"250\" height=\"144\" srcset=\"http:\/\/cestchicagency.com\/Belindacordier\/wp-content\/uploads\/2025\/09\/blog-bisSO.jpg 400w, http:\/\/cestchicagency.com\/Belindacordier\/wp-content\/uploads\/2025\/09\/blog-bisSO-104x60.jpg 104w\" sizes=\"auto, (max-width: 250px) 100vw, 250px\" \/><\/a><\/p>\r\n<\/td>\r\n<td align=\"left\" valign=\"top\" width=\"200\">\r\n<p><a href=\"http:\/\/cestchicagency.com\/Belindacordier\/service-pro\/\"><img loading=\"lazy\" decoding=\"async\" class=\"size-full wp-image-1527 alignleft\" src=\"http:\/\/cestchicagency.com\/Belindacordier\/wp-content\/uploads\/2025\/09\/blog-bisSP.jpg\" alt=\"\" width=\"250\" height=\"144\" srcset=\"http:\/\/cestchicagency.com\/Belindacordier\/wp-content\/uploads\/2025\/09\/blog-bisSP.jpg 400w, http:\/\/cestchicagency.com\/Belindacordier\/wp-content\/uploads\/2025\/09\/blog-bisSP-104x60.jpg 104w\" sizes=\"auto, (max-width: 250px) 100vw, 250px\" \/><\/a><\/p>\r\n<\/td>\r\n<\/tr>\r\n<\/tbody>\r\n<\/table>","protected":false},"excerpt":{"rendered":"<p>COMING SOON FASHION CONSULTATION\u00a0 \/\u00a0 WARDOBE DETOX \/ PERSONAL SHOPPING \/ FASHION TOURS \/SPECIAL OCCASIONS \/ SERVICE PRO \u00ab Devenez vous m\u00eame \u00bb&#8230; Depuis plus de 10 ans, mon exp\u00e9rience aupr\u00e8s des personnes que je guide m\u2019a appris \u00e0 travailler de fa\u00e7on globale et intuitive. La morphologie et les couleurs &hellip; <\/p>\n","protected":false},"author":2,"featured_media":0,"parent":1143,"menu_order":2,"comment_status":"closed","ping_status":"closed","template":"","meta":{"footnotes":""},"class_list":["post-1186","page","type-page","status-publish","hentry"],"_links":{"self":[{"href":"http:\/\/cestchicagency.com\/Belindacordier\/wp-json\/wp\/v2\/pages\/1186","targetHints":{"allow":["GET"]}}],"collection":[{"href":"http:\/\/cestchicagency.com\/Belindacordier\/wp-json\/wp\/v2\/pages"}],"about":[{"href":"http:\/\/cestchicagency.com\/Belindacordier\/wp-json\/wp\/v2\/types\/page"}],"author":[{"embeddable":true,"href":"http:\/\/cestchicagency.com\/Belindacordier\/wp-json\/wp\/v2\/users\/2"}],"replies":[{"embeddable":true,"href":"http:\/\/cestchicagency.com\/Belindacordier\/wp-json\/wp\/v2\/comments?post=1186"}],"version-history":[{"count":85,"href":"http:\/\/cestchicagency.com\/Belindacordier\/wp-json\/wp\/v2\/pages\/1186\/revisions"}],"predecessor-version":[{"id":1649,"href":"http:\/\/cestchicagency.com\/Belindacordier\/wp-json\/wp\/v2\/pages\/1186\/revisions\/1649"}],"up":[{"embeddable":true,"href":"http:\/\/cestchicagency.com\/Belindacordier\/wp-json\/wp\/v2\/pages\/1143"}],"wp:attachment":[{"href":"http:\/\/cestchicagency.com\/Belindacordier\/wp-json\/wp\/v2\/media?parent=1186"}],"curies":[{"name":"wp","href":"https:\/\/api.w.org\/{rel}","templated":true}]}}