{"id":1143,"date":"2025-05-18T12:10:21","date_gmt":"2025-05-18T12:10:21","guid":{"rendered":"http:\/\/cestchicagency.com\/Belindacordier\/?page_id=1143"},"modified":"2025-09-16T02:42:23","modified_gmt":"2025-09-16T02:42:23","slug":"therapie","status":"publish","type":"page","link":"http:\/\/cestchicagency.com\/Belindacordier\/therapie\/","title":{"rendered":"FASHIONTHERAPIE"},"content":{"rendered":"<p>[rl_gallery id=\u00a0\u00bb1391&Prime;]<\/p>\r\n\r\n<p style=\"text-align: left;\">\u00a0 <em>English version below<\/em><\/p>\r\n<p style=\"text-align: left;\"><strong>Retrouver la joie de s&rsquo;habiller, en profitant des conseils avis\u00e9s d\u2019une sp\u00e9cialiste, de son carnet d\u2019adresses, ses bons plans. D\u00e9couvrez mes services de styliste personnelle et resplendissez, \u00e0 tout \u00e2ge et quelque soit votre morphologie, votre histoire.<\/strong><\/p>\r\n<p><\/p>\r\n<figure id=\"attachment_1410\" aria-describedby=\"caption-attachment-1410\" style=\"width: 400px\" class=\"wp-caption alignleft\"><img loading=\"lazy\" decoding=\"async\" class=\"wp-image-1410 size-medium\" src=\"http:\/\/cestchicagency.com\/Belindacordier\/wp-content\/uploads\/2025\/09\/jessicarigaaa_photo_1741609867303-400x500.jpg\" alt=\"\" width=\"400\" height=\"500\" srcset=\"http:\/\/cestchicagency.com\/Belindacordier\/wp-content\/uploads\/2025\/09\/jessicarigaaa_photo_1741609867303-400x500.jpg 400w, http:\/\/cestchicagency.com\/Belindacordier\/wp-content\/uploads\/2025\/09\/jessicarigaaa_photo_1741609867303-819x1024.jpg 819w, http:\/\/cestchicagency.com\/Belindacordier\/wp-content\/uploads\/2025\/09\/jessicarigaaa_photo_1741609867303-768x960.jpg 768w, http:\/\/cestchicagency.com\/Belindacordier\/wp-content\/uploads\/2025\/09\/jessicarigaaa_photo_1741609867303-48x60.jpg 48w, http:\/\/cestchicagency.com\/Belindacordier\/wp-content\/uploads\/2025\/09\/jessicarigaaa_photo_1741609867303.jpg 1080w\" sizes=\"auto, (max-width: 400px) 100vw, 400px\" \/><figcaption id=\"caption-attachment-1410\" class=\"wp-caption-text\">Jessica Riga. Photo Catch_Up_Pro<\/figcaption><\/figure>\r\n<p>Depuis 2013, j\u2019ai cr\u00e9er Fashionth\u00e9rapie- un service de stylisme pour accompagner les femmes et les hommes dans leur qu\u00eate de style, de confiance en eux, d\u2019harmonie avec leur miroir.<br \/><strong>Affirmez votre style, r\u00e9v\u00e9lez votre identit\u00e9.\u2028 <\/strong>Votre apparence est bien plus qu\u2019un simple look : c\u2019est une v\u00e9ritable signature. Mon r\u00f4le est de vous accompagner avec un regard juste et bienveillant pour sublimer votre image et r\u00e9v\u00e9ler ce que vous avez de plus pr\u00e9cieux \u2014 votre personnalit\u00e9 .<br \/>Styliste de profession depuis plus de 20 ans, j\u2019ai eu le privil\u00e8ge de conseiller de nombreuses personnalit\u00e9s belges. Mon approche ? Humaine, intuitive et profond\u00e9ment respectueuse de votre histoire, de vos go\u00fbts et de votre mode de vie. Ensemble, nous construirons un style qui vous ressemble, en harmonie avec votre morphologie et votre personnalit\u00e9.<br \/>Vous doutez, vous vous sentez perdue dans votre garde-robe, ou vous ne vous y reconnaissez plus ? Je suis l\u00e0 pour vous guider, vous redonner confiance et faire de votre image une v\u00e9ritable alli\u00e9e au quotidien.<br \/>Et si on r\u00e9v\u00e9lait enfin la meilleure version de vous-m\u00eame ?\u2028Au plaisir de vous rencontrer !<\/p>\r\n<p><!-- \/wp:post-content --> [rl_gallery id=\u00a0\u00bb1285&Prime;]<\/p>\r\n<hr \/>\r\n<p><span style=\"color: #666699;\"><em><strong>Rediscover the joy of getting dressed<\/strong>\u2028. <br \/>Enjoy expert advice, insider tips, and exclusive fashion connections.\u2028Explore my personal styling services and shine\u2014at any age, with any body type, and whatever your story may be.<\/em><\/span><br \/><span style=\"color: #666699;\"><em>Since 2013, I\u2019ve been offering Fashionth\u00e9rapie\u2014a personalized styling service created to support both women and men in their search for style, self-confidence, and harmony with their reflection.<\/em><\/span><br \/><span style=\"color: #666699;\"><em>Own your style, express your identity.\u2028Your appearance is more than just clothing\u2014it\u2019s a personal signature. My mission is to guide you with a caring and discerning eye, helping you enhance your image and bring out what matters most: your unique personality.<\/em><\/span><br \/><span style=\"color: #666699;\"><em>With over 20 years of experience as a professional stylist, I\u2019ve had the privilege of advising numerous Belgian public figures. My approach? Warm, intuitive, and deeply respectful of your story, your preferences, and your lifestyle. Together, we\u2019ll create a style that truly reflects who you are\u2014aligned with your body, your rhythm, and your essence.<\/em><\/span><br \/><span style=\"color: #666699;\"><em>Feeling unsure, lost in your wardrobe, or like you no longer recognize your own style? I\u2019m here to make things easier, restore your confidence, and turn your image into a true everyday asset.<\/em><\/span><br \/><span style=\"color: #666699;\"><em>Ready to reveal the best version of yourself? \u2028I look forward to meeting you!<\/em><\/span><\/p>\r\n<figure id=\"attachment_1283\" aria-describedby=\"caption-attachment-1283\" style=\"width: 925px\" class=\"wp-caption alignnone\"><img loading=\"lazy\" decoding=\"async\" class=\"wp-image-1283 size-large\" title=\"Emilie Sarde-Article femme d'Aujourd'hui .\" src=\"http:\/\/cestchicagency.com\/Belindacordier\/wp-content\/uploads\/2025\/06\/IMG_3972-1024x768.jpg\" alt=\"\" width=\"925\" height=\"694\" srcset=\"http:\/\/cestchicagency.com\/Belindacordier\/wp-content\/uploads\/2025\/06\/IMG_3972-1024x768.jpg 1024w, http:\/\/cestchicagency.com\/Belindacordier\/wp-content\/uploads\/2025\/06\/IMG_3972-500x375.jpg 500w, http:\/\/cestchicagency.com\/Belindacordier\/wp-content\/uploads\/2025\/06\/IMG_3972-768x576.jpg 768w, http:\/\/cestchicagency.com\/Belindacordier\/wp-content\/uploads\/2025\/06\/IMG_3972-1536x1152.jpg 1536w, http:\/\/cestchicagency.com\/Belindacordier\/wp-content\/uploads\/2025\/06\/IMG_3972-2048x1536.jpg 2048w\" sizes=\"auto, (max-width: 925px) 100vw, 925px\" \/><figcaption id=\"caption-attachment-1283\" class=\"wp-caption-text\">Emilie Sarde-Article femme d&rsquo;Aujourd&rsquo;hui .<\/figcaption><\/figure>\r\n<hr \/>\r\n<p><a href=\"http:\/\/cestchicagency.com\/Belindacordier\/therapie\/services\/fashion-consultation\/\">FASHION CONSULTATION<\/a>\u00a0 \/\u00a0 <a href=\"http:\/\/cestchicagency.com\/Belindacordier\/wardobe-detox\/\/\">WARDOBE DETOX<\/a> \/ <a href=\"http:\/\/cestchicagency.com\/Belindacordier\/therapie\/services\/personnal-shopping\/\">PERSONAL SHOPPING<\/a> \/ <a href=\"http:\/\/cestchicagency.com\/Belindacordier\/therapie\/services\/fashion-tour\/\">FASHION TOURS<\/a> \/<a href=\"http:\/\/cestchicagency.com\/Belindacordier\/therapie\/services\/special-occasions\/\">SPECIAL OCCASIONS<\/a> \/ <a href=\"http:\/\/cestchicagency.com\/Belindacordier\/therapie\/services\/service-pro\/\">SERVICE PRO<\/a><\/p>","protected":false},"excerpt":{"rendered":"<p>[rl_gallery id=\u00a0\u00bb1391&Prime;] \u00a0 English version below Retrouver la joie de s&rsquo;habiller, en profitant des conseils avis\u00e9s d\u2019une sp\u00e9cialiste, de son carnet d\u2019adresses, ses bons plans. D\u00e9couvrez mes services de styliste personnelle et resplendissez, \u00e0 tout \u00e2ge et quelque soit votre morphologie, votre histoire. Depuis 2013, j\u2019ai cr\u00e9er Fashionth\u00e9rapie- un service &hellip; <\/p>\n","protected":false},"author":2,"featured_media":1347,"parent":0,"menu_order":0,"comment_status":"closed","ping_status":"closed","template":"","meta":{"footnotes":""},"class_list":["post-1143","page","type-page","status-publish","has-post-thumbnail","hentry"],"_links":{"self":[{"href":"http:\/\/cestchicagency.com\/Belindacordier\/wp-json\/wp\/v2\/pages\/1143","targetHints":{"allow":["GET"]}}],"collection":[{"href":"http:\/\/cestchicagency.com\/Belindacordier\/wp-json\/wp\/v2\/pages"}],"about":[{"href":"http:\/\/cestchicagency.com\/Belindacordier\/wp-json\/wp\/v2\/types\/page"}],"author":[{"embeddable":true,"href":"http:\/\/cestchicagency.com\/Belindacordier\/wp-json\/wp\/v2\/users\/2"}],"replies":[{"embeddable":true,"href":"http:\/\/cestchicagency.com\/Belindacordier\/wp-json\/wp\/v2\/comments?post=1143"}],"version-history":[{"count":48,"href":"http:\/\/cestchicagency.com\/Belindacordier\/wp-json\/wp\/v2\/pages\/1143\/revisions"}],"predecessor-version":[{"id":1623,"href":"http:\/\/cestchicagency.com\/Belindacordier\/wp-json\/wp\/v2\/pages\/1143\/revisions\/1623"}],"wp:featuredmedia":[{"embeddable":true,"href":"http:\/\/cestchicagency.com\/Belindacordier\/wp-json\/wp\/v2\/media\/1347"}],"wp:attachment":[{"href":"http:\/\/cestchicagency.com\/Belindacordier\/wp-json\/wp\/v2\/media?parent=1143"}],"curies":[{"name":"wp","href":"https:\/\/api.w.org\/{rel}","templated":true}]}}